{"id":28835,"date":"2021-11-08T14:52:56","date_gmt":"2021-11-08T14:52:56","guid":{"rendered":"http:\/\/mochiloesemochilinhas.com\/?page_id=28835"},"modified":"2026-03-30T21:54:09","modified_gmt":"2026-03-30T21:54:09","slug":"quem-somos","status":"publish","type":"page","link":"https:\/\/mochiloesemochilinhas.com\/en\/quem-somos\/","title":{"rendered":"Who We Are"},"content":{"rendered":"<div data-elementor-type=\"wp-page\" data-elementor-id=\"28835\" class=\"elementor elementor-28835\" data-elementor-post-type=\"page\">\n\t\t\t\t<div class=\"elementor-element elementor-element-1fceca7 e-flex e-con-boxed e-con e-parent\" data-id=\"1fceca7\" data-element_type=\"container\" data-e-type=\"container\" data-settings=\"{&quot;background_background&quot;:&quot;classic&quot;}\">\n\t\t\t\t\t<div class=\"e-con-inner\">\n\t\t\t\t<div class=\"elementor-element elementor-element-76fcb92 elementor-widget elementor-widget-heading\" data-id=\"76fcb92\" data-element_type=\"widget\" data-e-type=\"widget\" data-widget_type=\"heading.default\">\n\t\t\t\t<div class=\"elementor-widget-container\">\n\t\t\t\t\t<h2 class=\"elementor-heading-title elementor-size-default\">Who We Are<\/h2>\t\t\t\t<\/div>\n\t\t\t\t<\/div>\n\t\t\t\t\t<\/div>\n\t\t\t\t<\/div>\n\t\t<div class=\"elementor-element elementor-element-3e8da0e e-flex e-con-boxed e-con e-parent\" data-id=\"3e8da0e\" data-element_type=\"container\" data-e-type=\"container\">\n\t\t\t\t\t<div class=\"e-con-inner\">\n\t\t<div class=\"elementor-element elementor-element-9ae8e9c e-con-full e-flex e-con e-child\" data-id=\"9ae8e9c\" data-element_type=\"container\" data-e-type=\"container\">\n\t\t\t\t<div class=\"elementor-element elementor-element-9e39484 elementor-widget elementor-widget-text-editor\" data-id=\"9e39484\" data-element_type=\"widget\" data-e-type=\"widget\" data-widget_type=\"text-editor.default\">\n\t\t\t\t<div class=\"elementor-widget-container\">\n\t\t\t\t\t\t\t\t\t<p>I&#039;m Fernanda, Brazilian, engineer, wife of Marcelo, mother of Patrick and J\u00falia, and this little corner is my travel and outing diary.<\/p>\n<p>I was born in Salvador, Bahia, where I lived for 13 years, then I lived in Rio de Janeiro for another 14, spent some time in Darien (Connecticut, USA), and moved to Dublin (Ireland) with Celo, where we stayed for almost 4 years. Since 2019, we have lived in Portugal with our little ones, but I confess that I still want to live in many other places, much to my husband&#039;s despair.<\/p>\n<p>I don&#039;t have much patience or interest in exposing our lives on social media, so we always travel offline, and when we return from trips and I have time, I write about them on the blog. Every now and then I say hi on Facebook or Instagram just to show that we&#039;re alive. \ud83d\ude42<\/p>\n<p>I really enjoy reading novels, planning travel itineraries, swimming in warm pools, eating well in no-frills restaurants, recording our best moments and, of course, spending practically all my free time with my beloved family.&nbsp;<\/p>\n<p><strong>The blog<\/strong><\/p>\n<p>I started the blog in 2012 writing about our month-long trips together, the &quot;backpacking trips,&quot; and then I started recording the smaller trips, the &quot;backpacking trips,&quot; hence the name M&amp;M. My goal has always been to document our adventures as much as possible so that we could travel again whenever we stopped to read them. <em>posts<\/em>, Then you&#039;ll see super detailed articles and, of course, lots of photos \u2013 something I love.<\/p>\n<p>All the photos are ours, and I have to confess that most are taken in less than 3 seconds, without much preparation or fuss, with our Google phones. I can&#039;t understand people who pose and bring thousands of devices to photograph places, much less those who only travel to get the photos. We are the opposite of that, thank God.<\/p>\n<p><strong>Advertising<\/strong><\/p>\n<p>Here you won&#039;t see any advertising, because I don&#039;t like the visual chaos of online ads. I prefer to visit websites and see the content created by the author. If I want to buy something, I go to the store&#039;s website and buy it. However, though, nevertheless (haha), I do share links to our partners. <strong>It is through these links that you, dear reader, can help us by booking tours, insurance, hotels, and cars. With each booking made, we earn a symbolic commission, and you don&#039;t pay anything extra for it.<\/strong> We&#039;re super happy with every penny we earn, so if you can help us out, give us a 5 out of 5!<\/p>\n<p><strong>Our travels summarized<\/strong><\/p>\n<p><span style=\"color: var( --e-global-color-text ); text-align: var(--text-align); font-size: 1rem;\">So far we have traveled to 39 countries in South America, Central America, North America, Europe, Oceania and Africa. You will find them all in the blog&#039;s main menu.<\/span><\/p>\n<p><span style=\"color: var( --e-global-color-text ); text-align: var(--text-align); font-size: 1rem;\"> While we lived in Rio, we did our 1-month backpacking trips without kids through South America, Central America, and Oceania, as well as other trips nearby. <\/span><\/p>\n<p><span style=\"color: var( --e-global-color-text ); text-align: var(--text-align); font-size: 1rem;\">In October 2014, we moved to Ireland and spent almost four years taking advantage of Ryanair&#039;s promotions to explore Europe, Africa, and North America. Once again, it was just us, childless.<\/span><\/p>\n<p>Since 2018, our trips have included the little ones on board, and therefore, the pace and level of comfort have changed a bit. Oh, and it&#039;s important to point out right away: we don&#039;t like all-inclusive hotels or use kids&#039; clubs when we travel, but we do enjoy a nice pool, we look for playgrounds, we research good restaurants, and we combine activities for both us and them as much as possible. It has to be good for everyone, right?<\/p>\n<p>We&#039;re SO enjoying exploring the world with our loved ones, and you can follow practically everything here. I hope it inspires you!<\/p>\n<p>If you want to send me a message, my email is nandasa86@gmail.com.&nbsp;<\/p>\n<p>Thank you for your kindness in following us!<\/p>\t\t\t\t\t\t\t\t<\/div>\n\t\t\t\t<\/div>\n\t\t\t\t<\/div>\n\t\t<div class=\"elementor-element elementor-element-18f6fa9 e-con-full e-flex e-con e-child\" data-id=\"18f6fa9\" data-element_type=\"container\" data-e-type=\"container\" data-settings=\"{&quot;background_background&quot;:&quot;classic&quot;}\">\n\t\t\t\t<div class=\"elementor-element elementor-element-6fb4c29 elementor-widget elementor-widget-image\" data-id=\"6fb4c29\" data-element_type=\"widget\" data-e-type=\"widget\" data-widget_type=\"image.default\">\n\t\t\t\t<div class=\"elementor-widget-container\">\n\t\t\t\t\t\t\t\t\t\t\t\t\t\t\t<img fetchpriority=\"high\" decoding=\"async\" width=\"800\" height=\"800\" src=\"https:\/\/mochiloesemochilinhas.com\/wp-content\/uploads\/2021\/11\/ilust-1024x1024.jpg\" class=\"attachment-large size-large wp-image-29240\" alt=\"\" srcset=\"https:\/\/mochiloesemochilinhas.com\/wp-content\/uploads\/2021\/11\/ilust-1024x1024.jpg 1024w, https:\/\/mochiloesemochilinhas.com\/wp-content\/uploads\/2021\/11\/ilust-300x300.jpg 300w, https:\/\/mochiloesemochilinhas.com\/wp-content\/uploads\/2021\/11\/ilust-150x150.jpg 150w, https:\/\/mochiloesemochilinhas.com\/wp-content\/uploads\/2021\/11\/ilust-768x768.jpg 768w, https:\/\/mochiloesemochilinhas.com\/wp-content\/uploads\/2021\/11\/ilust-1536x1536.jpg 1536w, https:\/\/mochiloesemochilinhas.com\/wp-content\/uploads\/2021\/11\/ilust.jpg 2048w, https:\/\/mochiloesemochilinhas.com\/wp-content\/uploads\/2021\/11\/ilust-60x60.jpg 60w\" sizes=\"(max-width: 800px) 100vw, 800px\" \/>\t\t\t\t\t\t\t\t\t\t\t\t\t\t\t<\/div>\n\t\t\t\t<\/div>\n\t\t\t\t<div class=\"elementor-element elementor-element-addb312 elementor-widget elementor-widget-text-editor\" data-id=\"addb312\" data-element_type=\"widget\" data-e-type=\"widget\" data-widget_type=\"text-editor.default\">\n\t\t\t\t<div class=\"elementor-widget-container\">\n\t\t\t\t\t\t\t\t\t<p>We are a Portuguese-Brazilian family with no patience for social media who explores the world and shares everything here.<\/p>\t\t\t\t\t\t\t\t<\/div>\n\t\t\t\t<\/div>\n\t\t\t\t<div class=\"elementor-element elementor-element-86fa573 elementor-shape-rounded elementor-grid-0 e-grid-align-center elementor-widget elementor-widget-social-icons\" data-id=\"86fa573\" data-element_type=\"widget\" data-e-type=\"widget\" data-widget_type=\"social-icons.default\">\n\t\t\t\t<div class=\"elementor-widget-container\">\n\t\t\t\t\t\t\t<div class=\"elementor-social-icons-wrapper elementor-grid\" role=\"list\">\n\t\t\t\t\t\t\t<span class=\"elementor-grid-item\" role=\"listitem\">\n\t\t\t\t\t<a class=\"elementor-icon elementor-social-icon elementor-social-icon-facebook elementor-animation-grow elementor-repeater-item-e3a410f\" href=\"https:\/\/www.facebook.com\/mochiloesemochilinhas\/\" target=\"_blank\">\n\t\t\t\t\t\t<span class=\"elementor-screen-only\">Facebook<\/span>\n\t\t\t\t\t\t<svg aria-hidden=\"true\" class=\"e-font-icon-svg e-fab-facebook\" viewbox=\"0 0 512 512\" xmlns=\"http:\/\/www.w3.org\/2000\/svg\"><path d=\"M504 256C504 119 393 8 256 8S8 119 8 256c0 123.78 90.69 226.38 209.25 245V327.69h-63V256h63v-54.64c0-62.15 37-96.48 93.67-96.48 27.14 0 55.52 4.84 55.52 4.84v61h-31.28c-30.8 0-40.41 19.12-40.41 38.73V256h68.78l-11 71.69h-57.78V501C413.31 482.38 504 379.78 504 256z\"><\/path><\/svg>\t\t\t\t\t<\/a>\n\t\t\t\t<\/span>\n\t\t\t\t\t\t\t<span class=\"elementor-grid-item\" role=\"listitem\">\n\t\t\t\t\t<a class=\"elementor-icon elementor-social-icon elementor-social-icon-instagram elementor-animation-grow elementor-repeater-item-f1ce3f1\" href=\"https:\/\/www.instagram.com\/mochiloesemochilinhas_\/\" target=\"_blank\">\n\t\t\t\t\t\t<span class=\"elementor-screen-only\">Instagram<\/span>\n\t\t\t\t\t\t<svg aria-hidden=\"true\" class=\"e-font-icon-svg e-fab-instagram\" viewbox=\"0 0 448 512\" xmlns=\"http:\/\/www.w3.org\/2000\/svg\"><path d=\"M224.1 141c-63.6 0-114.9 51.3-114.9 114.9s51.3 114.9 114.9 114.9S339 319.5 339 255.9 287.7 141 224.1 141zm0 189.6c-41.1 0-74.7-33.5-74.7-74.7s33.5-74.7 74.7-74.7 74.7 33.5 74.7 74.7-33.6 74.7-74.7 74.7zm146.4-194.3c0 14.9-12 26.8-26.8 26.8-14.9 0-26.8-12-26.8-26.8s12-26.8 26.8-26.8 26.8 12 26.8 26.8zm76.1 27.2c-1.7-35.9-9.9-67.7-36.2-93.9-26.2-26.2-58-34.4-93.9-36.2-37-2.1-147.9-2.1-184.9 0-35.8 1.7-67.6 9.9-93.9 36.1s-34.4 58-36.2 93.9c-2.1 37-2.1 147.9 0 184.9 1.7 35.9 9.9 67.7 36.2 93.9s58 34.4 93.9 36.2c37 2.1 147.9 2.1 184.9 0 35.9-1.7 67.7-9.9 93.9-36.2 26.2-26.2 34.4-58 36.2-93.9 2.1-37 2.1-147.8 0-184.8zM398.8 388c-7.8 19.6-22.9 34.7-42.6 42.6-29.5 11.7-99.5 9-132.1 9s-102.7 2.6-132.1-9c-19.6-7.8-34.7-22.9-42.6-42.6-11.7-29.5-9-99.5-9-132.1s-2.6-102.7 9-132.1c7.8-19.6 22.9-34.7 42.6-42.6 29.5-11.7 99.5-9 132.1-9s102.7-2.6 132.1 9c19.6 7.8 34.7 22.9 42.6 42.6 11.7 29.5 9 99.5 9 132.1s2.7 102.7-9 132.1z\"><\/path><\/svg>\t\t\t\t\t<\/a>\n\t\t\t\t<\/span>\n\t\t\t\t\t<\/div>\n\t\t\t\t\t\t<\/div>\n\t\t\t\t<\/div>\n\t\t\t\t<div class=\"elementor-element elementor-element-c87929e elementor-widget-divider--view-line_text elementor-widget-divider--element-align-center elementor-widget elementor-widget-divider\" data-id=\"c87929e\" data-element_type=\"widget\" data-e-type=\"widget\" data-widget_type=\"divider.default\">\n\t\t\t\t<div class=\"elementor-widget-container\">\n\t\t\t\t\t\t\t<div class=\"elementor-divider\">\n\t\t\t<span class=\"elementor-divider-separator\">\n\t\t\t\t\t\t\t<span class=\"elementor-divider__text elementor-divider__element\">\n\t\t\t\tPartnerships\t\t\t\t<\/span>\n\t\t\t\t\t\t<\/span>\n\t\t<\/div>\n\t\t\t\t\t\t<\/div>\n\t\t\t\t<\/div>\n\t\t<div class=\"elementor-element elementor-element-67503d3 e-flex e-con-boxed e-con e-child\" data-id=\"67503d3\" data-element_type=\"container\" data-e-type=\"container\" data-settings=\"{&quot;background_background&quot;:&quot;classic&quot;}\">\n\t\t\t\t\t<div class=\"e-con-inner\">\n\t\t\t\t<div class=\"elementor-element elementor-element-81029fd elementor-widget elementor-widget-image\" data-id=\"81029fd\" data-element_type=\"widget\" data-e-type=\"widget\" data-widget_type=\"image.default\">\n\t\t\t\t<div class=\"elementor-widget-container\">\n\t\t\t\t\t\t\t\t\t\t\t\t\t\t\t\t<a href=\"https:\/\/www.civitatis.com\/br\/?aid=101020%20\">\n\t\t\t\t\t\t\t<img decoding=\"async\" width=\"800\" height=\"263\" src=\"https:\/\/mochiloesemochilinhas.com\/wp-content\/uploads\/2022\/10\/civitatis1-1024x337.png\" class=\"attachment-large size-large wp-image-36344\" alt=\"\" srcset=\"https:\/\/mochiloesemochilinhas.com\/wp-content\/uploads\/2022\/10\/civitatis1-1024x337.png 1024w, https:\/\/mochiloesemochilinhas.com\/wp-content\/uploads\/2022\/10\/civitatis1-300x99.png 300w, https:\/\/mochiloesemochilinhas.com\/wp-content\/uploads\/2022\/10\/civitatis1-768x253.png 768w, https:\/\/mochiloesemochilinhas.com\/wp-content\/uploads\/2022\/10\/civitatis1-1536x505.png 1536w, https:\/\/mochiloesemochilinhas.com\/wp-content\/uploads\/2022\/10\/civitatis1-2048x674.png 2048w\" sizes=\"(max-width: 800px) 100vw, 800px\" \/>\t\t\t\t\t\t\t\t<\/a>\n\t\t\t\t\t\t\t\t\t\t\t\t\t\t\t<\/div>\n\t\t\t\t<\/div>\n\t\t\t\t<div class=\"elementor-element elementor-element-2cc4020 elementor-widget elementor-widget-image\" data-id=\"2cc4020\" data-element_type=\"widget\" data-e-type=\"widget\" data-widget_type=\"image.default\">\n\t\t\t\t<div class=\"elementor-widget-container\">\n\t\t\t\t\t\t\t\t\t\t\t\t\t\t\t\t<a href=\"http:\/\/www.booking.com\/?aid=829418\" target=\"_blank\">\n\t\t\t\t\t\t\t<img decoding=\"async\" width=\"300\" height=\"67\" src=\"https:\/\/mochiloesemochilinhas.com\/wp-content\/uploads\/2021\/11\/booking2.jpg\" class=\"attachment-large size-large wp-image-28816\" alt=\"\" \/>\t\t\t\t\t\t\t\t<\/a>\n\t\t\t\t\t\t\t\t\t\t\t\t\t\t\t<\/div>\n\t\t\t\t<\/div>\n\t\t\t\t<div class=\"elementor-element elementor-element-7eeb799 elementor-widget elementor-widget-image\" data-id=\"7eeb799\" data-element_type=\"widget\" data-e-type=\"widget\" data-widget_type=\"image.default\">\n\t\t\t\t<div class=\"elementor-widget-container\">\n\t\t\t\t\t\t\t\t\t\t\t\t\t\t\t\t<a href=\"https:\/\/www.iatiseguros.pt?r=41760880988198\" target=\"_blank\">\n\t\t\t\t\t\t\t<img loading=\"lazy\" decoding=\"async\" width=\"300\" height=\"184\" src=\"https:\/\/mochiloesemochilinhas.com\/wp-content\/uploads\/2023\/06\/iati-300x184.jpg\" class=\"attachment-medium size-medium wp-image-44998\" alt=\"\" srcset=\"https:\/\/mochiloesemochilinhas.com\/wp-content\/uploads\/2023\/06\/iati-300x184.jpg 300w, https:\/\/mochiloesemochilinhas.com\/wp-content\/uploads\/2023\/06\/iati-768x470.jpg 768w, https:\/\/mochiloesemochilinhas.com\/wp-content\/uploads\/2023\/06\/iati.jpg 1024w\" sizes=\"(max-width: 300px) 100vw, 300px\" \/>\t\t\t\t\t\t\t\t<\/a>\n\t\t\t\t\t\t\t\t\t\t\t\t\t\t\t<\/div>\n\t\t\t\t<\/div>\n\t\t\t\t\t<\/div>\n\t\t\t\t<\/div>\n\t\t\t\t<div class=\"elementor-element elementor-element-7ddfea4 elementor-widget-divider--view-line_text elementor-widget-divider--element-align-center elementor-widget elementor-widget-divider\" data-id=\"7ddfea4\" data-element_type=\"widget\" data-e-type=\"widget\" data-widget_type=\"divider.default\">\n\t\t\t\t<div class=\"elementor-widget-container\">\n\t\t\t\t\t\t\t<div class=\"elementor-divider\">\n\t\t\t<span class=\"elementor-divider-separator\">\n\t\t\t\t\t\t\t<span class=\"elementor-divider__text elementor-divider__element\">\n\t\t\t\tWe are part of\t\t\t\t<\/span>\n\t\t\t\t\t\t<\/span>\n\t\t<\/div>\n\t\t\t\t\t\t<\/div>\n\t\t\t\t<\/div>\n\t\t\t\t<div class=\"elementor-element elementor-element-2fcb81e elementor-widget elementor-widget-image\" data-id=\"2fcb81e\" data-element_type=\"widget\" data-e-type=\"widget\" data-widget_type=\"image.default\">\n\t\t\t\t<div class=\"elementor-widget-container\">\n\t\t\t\t\t\t\t\t\t\t\t\t\t\t\t<img loading=\"lazy\" decoding=\"async\" width=\"366\" height=\"133\" src=\"https:\/\/mochiloesemochilinhas.com\/wp-content\/uploads\/2021\/11\/banner-rbbv.jpg\" class=\"attachment-large size-large wp-image-28876\" alt=\"\" srcset=\"https:\/\/mochiloesemochilinhas.com\/wp-content\/uploads\/2021\/11\/banner-rbbv.jpg 366w, https:\/\/mochiloesemochilinhas.com\/wp-content\/uploads\/2021\/11\/banner-rbbv-300x109.jpg 300w\" sizes=\"(max-width: 366px) 100vw, 366px\" \/>\t\t\t\t\t\t\t\t\t\t\t\t\t\t\t<\/div>\n\t\t\t\t<\/div>\n\t\t\t\t<\/div>\n\t\t\t\t\t<\/div>\n\t\t\t\t<\/div>\n\t\t\t\t<\/div>","protected":false},"excerpt":{"rendered":"<p>Quem Somos Eu sou Fernanda, brasileira, engenheira, mulher do Marcelo, m\u00e3e do Patrick e da J\u00falia, e este cantinho \u00e9 o meu di\u00e1rio de viagens e passeios. Nasci em Salvador, Bahia, onde fiquei por 13 anos, depois morei no Rio de Janeiro por mais 14, passei uma temporada em Darien (Connecticut EUA) e me mudei [&hellip;]<\/p>\n","protected":false},"author":2,"featured_media":0,"parent":0,"menu_order":0,"comment_status":"closed","ping_status":"closed","template":"","meta":{"footnotes":""},"class_list":["post-28835","page","type-page","status-publish","hentry"],"yoast_head":"<!-- This site is optimized with the Yoast SEO plugin v27.1.1 - https:\/\/yoast.com\/product\/yoast-seo-wordpress\/ -->\n<title>Quem Somos | Mochil\u00f5es e Mochilinhas<\/title>\n<meta name=\"description\" content=\"Saiba mais sobre a nossa hist\u00f3ria juntos e sobre as viagens que j\u00e1 fizemos e relatamos neste blog que \u00e9 o nosso di\u00e1rio de viagens.\" \/>\n<meta name=\"robots\" content=\"index, follow, max-snippet:-1, max-image-preview:large, max-video-preview:-1\" \/>\n<link rel=\"canonical\" href=\"https:\/\/mochiloesemochilinhas.com\/en\/quem-somos\/\" \/>\n<meta property=\"og:locale\" content=\"en_GB\" \/>\n<meta property=\"og:type\" content=\"article\" \/>\n<meta property=\"og:title\" content=\"Quem Somos | Mochil\u00f5es e Mochilinhas\" \/>\n<meta property=\"og:description\" content=\"Saiba mais sobre a nossa hist\u00f3ria juntos e sobre as viagens que j\u00e1 fizemos e relatamos neste blog que \u00e9 o nosso di\u00e1rio de viagens.\" \/>\n<meta property=\"og:url\" content=\"https:\/\/mochiloesemochilinhas.com\/en\/quem-somos\/\" \/>\n<meta property=\"og:site_name\" content=\"Mochil\u00f5es e Mochilinhas\" \/>\n<meta property=\"article:publisher\" content=\"https:\/\/www.facebook.com\/mochiloesemochilinhas\" \/>\n<meta property=\"article:modified_time\" content=\"2026-03-30T21:54:09+00:00\" \/>\n<meta property=\"og:image\" content=\"https:\/\/mochiloesemochilinhas.com\/wp-content\/uploads\/2021\/11\/ilust.jpg\" \/>\n\t<meta property=\"og:image:width\" content=\"2048\" \/>\n\t<meta property=\"og:image:height\" content=\"2048\" \/>\n\t<meta property=\"og:image:type\" content=\"image\/jpeg\" \/>\n<meta name=\"twitter:card\" content=\"summary_large_image\" \/>\n<meta name=\"twitter:label1\" content=\"Estimated reading time\" \/>\n\t<meta name=\"twitter:data1\" content=\"5 minutes\" \/>\n<script type=\"application\/ld+json\" class=\"yoast-schema-graph\">{\"@context\":\"https:\/\/schema.org\",\"@graph\":[{\"@type\":\"WebPage\",\"@id\":\"https:\/\/mochiloesemochilinhas.com\/quem-somos\/\",\"url\":\"https:\/\/mochiloesemochilinhas.com\/quem-somos\/\",\"name\":\"Quem Somos | Mochil\u00f5es e Mochilinhas\",\"isPartOf\":{\"@id\":\"https:\/\/mochiloesemochilinhas.com\/#website\"},\"primaryImageOfPage\":{\"@id\":\"https:\/\/mochiloesemochilinhas.com\/quem-somos\/#primaryimage\"},\"image\":{\"@id\":\"https:\/\/mochiloesemochilinhas.com\/quem-somos\/#primaryimage\"},\"thumbnailUrl\":\"https:\/\/mochiloesemochilinhas.com\/wp-content\/uploads\/2021\/11\/ilust-1024x1024.jpg\",\"datePublished\":\"2021-11-08T14:52:56+00:00\",\"dateModified\":\"2026-03-30T21:54:09+00:00\",\"description\":\"Saiba mais sobre a nossa hist\u00f3ria juntos e sobre as viagens que j\u00e1 fizemos e relatamos neste blog que \u00e9 o nosso di\u00e1rio de viagens.\",\"breadcrumb\":{\"@id\":\"https:\/\/mochiloesemochilinhas.com\/quem-somos\/#breadcrumb\"},\"inLanguage\":\"en-GB\",\"potentialAction\":[{\"@type\":\"ReadAction\",\"target\":[\"https:\/\/mochiloesemochilinhas.com\/quem-somos\/\"]}]},{\"@type\":\"ImageObject\",\"inLanguage\":\"en-GB\",\"@id\":\"https:\/\/mochiloesemochilinhas.com\/quem-somos\/#primaryimage\",\"url\":\"https:\/\/mochiloesemochilinhas.com\/wp-content\/uploads\/2021\/11\/ilust-1024x1024.jpg\",\"contentUrl\":\"https:\/\/mochiloesemochilinhas.com\/wp-content\/uploads\/2021\/11\/ilust-1024x1024.jpg\"},{\"@type\":\"BreadcrumbList\",\"@id\":\"https:\/\/mochiloesemochilinhas.com\/quem-somos\/#breadcrumb\",\"itemListElement\":[{\"@type\":\"ListItem\",\"position\":1,\"name\":\"Home\",\"item\":\"https:\/\/mochiloesemochilinhas.com\/\"},{\"@type\":\"ListItem\",\"position\":2,\"name\":\"Quem Somos\"}]},{\"@type\":\"WebSite\",\"@id\":\"https:\/\/mochiloesemochilinhas.com\/#website\",\"url\":\"https:\/\/mochiloesemochilinhas.com\/\",\"name\":\"Mochil\u00f5es e Mochilinhas\",\"description\":\"Uma fam\u00edlia descomplicada apaixonada por viagens, livros e comidas gostosas.\",\"publisher\":{\"@id\":\"https:\/\/mochiloesemochilinhas.com\/#organization\"},\"potentialAction\":[{\"@type\":\"SearchAction\",\"target\":{\"@type\":\"EntryPoint\",\"urlTemplate\":\"https:\/\/mochiloesemochilinhas.com\/?s={search_term_string}\"},\"query-input\":{\"@type\":\"PropertyValueSpecification\",\"valueRequired\":true,\"valueName\":\"search_term_string\"}}],\"inLanguage\":\"en-GB\"},{\"@type\":\"Organization\",\"@id\":\"https:\/\/mochiloesemochilinhas.com\/#organization\",\"name\":\"Mochil\u00f5es e Mochilinhas\",\"url\":\"https:\/\/mochiloesemochilinhas.com\/\",\"logo\":{\"@type\":\"ImageObject\",\"inLanguage\":\"en-GB\",\"@id\":\"https:\/\/mochiloesemochilinhas.com\/#\/schema\/logo\/image\/\",\"url\":\"https:\/\/mochiloesemochilinhas.com\/wp-content\/uploads\/2024\/07\/logo1.png\",\"contentUrl\":\"https:\/\/mochiloesemochilinhas.com\/wp-content\/uploads\/2024\/07\/logo1.png\",\"width\":590,\"height\":215,\"caption\":\"Mochil\u00f5es e Mochilinhas\"},\"image\":{\"@id\":\"https:\/\/mochiloesemochilinhas.com\/#\/schema\/logo\/image\/\"},\"sameAs\":[\"https:\/\/www.facebook.com\/mochiloesemochilinhas\",\"https:\/\/www.instagram.com\/mochiloesemochilinhas_\/\"]}]}<\/script>\n<!-- \/ Yoast SEO plugin. -->","yoast_head_json":{"title":"Who We Are | Backpacks and Backpacks","description":"Learn more about our history together and the trips we&#039;ve taken and reported on in this blog, our travel diary.","robots":{"index":"index","follow":"follow","max-snippet":"max-snippet:-1","max-image-preview":"max-image-preview:large","max-video-preview":"max-video-preview:-1"},"canonical":"https:\/\/mochiloesemochilinhas.com\/en\/quem-somos\/","og_locale":"en_GB","og_type":"article","og_title":"Quem Somos | Mochil\u00f5es e Mochilinhas","og_description":"Saiba mais sobre a nossa hist\u00f3ria juntos e sobre as viagens que j\u00e1 fizemos e relatamos neste blog que \u00e9 o nosso di\u00e1rio de viagens.","og_url":"https:\/\/mochiloesemochilinhas.com\/en\/quem-somos\/","og_site_name":"Mochil\u00f5es e Mochilinhas","article_publisher":"https:\/\/www.facebook.com\/mochiloesemochilinhas","article_modified_time":"2026-03-30T21:54:09+00:00","og_image":[{"width":2048,"height":2048,"url":"https:\/\/mochiloesemochilinhas.com\/wp-content\/uploads\/2021\/11\/ilust.jpg","type":"image\/jpeg"}],"twitter_card":"summary_large_image","twitter_misc":{"Estimated reading time":"5 minutes"},"schema":{"@context":"https:\/\/schema.org","@graph":[{"@type":"WebPage","@id":"https:\/\/mochiloesemochilinhas.com\/quem-somos\/","url":"https:\/\/mochiloesemochilinhas.com\/quem-somos\/","name":"Who We Are | Backpacks and Backpacks","isPartOf":{"@id":"https:\/\/mochiloesemochilinhas.com\/#website"},"primaryImageOfPage":{"@id":"https:\/\/mochiloesemochilinhas.com\/quem-somos\/#primaryimage"},"image":{"@id":"https:\/\/mochiloesemochilinhas.com\/quem-somos\/#primaryimage"},"thumbnailUrl":"https:\/\/mochiloesemochilinhas.com\/wp-content\/uploads\/2021\/11\/ilust-1024x1024.jpg","datePublished":"2021-11-08T14:52:56+00:00","dateModified":"2026-03-30T21:54:09+00:00","description":"Learn more about our history together and the trips we&#039;ve taken and reported on in this blog, our travel diary.","breadcrumb":{"@id":"https:\/\/mochiloesemochilinhas.com\/quem-somos\/#breadcrumb"},"inLanguage":"en-GB","potentialAction":[{"@type":"ReadAction","target":["https:\/\/mochiloesemochilinhas.com\/quem-somos\/"]}]},{"@type":"ImageObject","inLanguage":"en-GB","@id":"https:\/\/mochiloesemochilinhas.com\/quem-somos\/#primaryimage","url":"https:\/\/mochiloesemochilinhas.com\/wp-content\/uploads\/2021\/11\/ilust-1024x1024.jpg","contentUrl":"https:\/\/mochiloesemochilinhas.com\/wp-content\/uploads\/2021\/11\/ilust-1024x1024.jpg"},{"@type":"BreadcrumbList","@id":"https:\/\/mochiloesemochilinhas.com\/quem-somos\/#breadcrumb","itemListElement":[{"@type":"ListItem","position":1,"name":"Home","item":"https:\/\/mochiloesemochilinhas.com\/"},{"@type":"ListItem","position":2,"name":"Quem Somos"}]},{"@type":"WebSite","@id":"https:\/\/mochiloesemochilinhas.com\/#website","url":"https:\/\/mochiloesemochilinhas.com\/","name":"Backpacks and Backpacks","description":"An uncomplicated family passionate about traveling, books and delicious food.","publisher":{"@id":"https:\/\/mochiloesemochilinhas.com\/#organization"},"potentialAction":[{"@type":"SearchAction","target":{"@type":"EntryPoint","urlTemplate":"https:\/\/mochiloesemochilinhas.com\/?s={search_term_string}"},"query-input":{"@type":"PropertyValueSpecification","valueRequired":true,"valueName":"search_term_string"}}],"inLanguage":"en-GB"},{"@type":"Organization","@id":"https:\/\/mochiloesemochilinhas.com\/#organization","name":"Backpacks and Backpacks","url":"https:\/\/mochiloesemochilinhas.com\/","logo":{"@type":"ImageObject","inLanguage":"en-GB","@id":"https:\/\/mochiloesemochilinhas.com\/#\/schema\/logo\/image\/","url":"https:\/\/mochiloesemochilinhas.com\/wp-content\/uploads\/2024\/07\/logo1.png","contentUrl":"https:\/\/mochiloesemochilinhas.com\/wp-content\/uploads\/2024\/07\/logo1.png","width":590,"height":215,"caption":"Mochil\u00f5es e Mochilinhas"},"image":{"@id":"https:\/\/mochiloesemochilinhas.com\/#\/schema\/logo\/image\/"},"sameAs":["https:\/\/www.facebook.com\/mochiloesemochilinhas","https:\/\/www.instagram.com\/mochiloesemochilinhas_\/"]}]}},"_links":{"self":[{"href":"https:\/\/mochiloesemochilinhas.com\/en\/wp-json\/wp\/v2\/pages\/28835","targetHints":{"allow":["GET"]}}],"collection":[{"href":"https:\/\/mochiloesemochilinhas.com\/en\/wp-json\/wp\/v2\/pages"}],"about":[{"href":"https:\/\/mochiloesemochilinhas.com\/en\/wp-json\/wp\/v2\/types\/page"}],"author":[{"embeddable":true,"href":"https:\/\/mochiloesemochilinhas.com\/en\/wp-json\/wp\/v2\/users\/2"}],"replies":[{"embeddable":true,"href":"https:\/\/mochiloesemochilinhas.com\/en\/wp-json\/wp\/v2\/comments?post=28835"}],"version-history":[{"count":72,"href":"https:\/\/mochiloesemochilinhas.com\/en\/wp-json\/wp\/v2\/pages\/28835\/revisions"}],"predecessor-version":[{"id":52831,"href":"https:\/\/mochiloesemochilinhas.com\/en\/wp-json\/wp\/v2\/pages\/28835\/revisions\/52831"}],"wp:attachment":[{"href":"https:\/\/mochiloesemochilinhas.com\/en\/wp-json\/wp\/v2\/media?parent=28835"}],"curies":[{"name":"wp","href":"https:\/\/api.w.org\/{rel}","templated":true}]}}